{"id":712,"date":"2020-05-20T16:07:10","date_gmt":"2020-05-20T14:07:10","guid":{"rendered":"https:\/\/proharptech.com\/start\/"},"modified":"2020-07-07T16:34:13","modified_gmt":"2020-07-07T14:34:13","slug":"start","status":"publish","type":"page","link":"https:\/\/proharptech.com\/de\/","title":{"rendered":"Start"},"content":{"rendered":"<p>[et_pb_section fb_built=&#8220;1&#8243; next_background_color=&#8220;#ffffff&#8220; _builder_version=&#8220;4.4.2&#8243; background_image=&#8220;https:\/\/proharptech.com\/wp-content\/uploads\/2020\/01\/test-home4.jpg&#8220; parallax=&#8220;on&#8220; custom_padding=&#8220;||200px||false|false&#8220; bottom_divider_style=&#8220;slant2&#8243; animation_style=&#8220;fade&#8220;][et_pb_row column_structure=&#8220;1_2,1_2&#8243; make_equal=&#8220;on&#8220; _builder_version=&#8220;4.4.2&#8243;][et_pb_column type=&#8220;1_2&#8243; _builder_version=&#8220;4.4.2&#8243; animation_style=&#8220;fade&#8220; animation_duration=&#8220;2000ms&#8220;][et_pb_image src=&#8220;https:\/\/proharptech.com\/wp-content\/uploads\/2020\/04\/logo-v3.png&#8220; alt=&#8220;Pro.Harp.Tech&#8220; title_text=&#8220;Pro.Harp.Tech&#8220; align_tablet=&#8220;center&#8220; align_phone=&#8220;&#8220; align_last_edited=&#8220;on|tablet&#8220; _builder_version=&#8220;4.4.2&#8243; width=&#8220;50%&#8220; scroll_vertical_motion_enable=&#8220;on&#8220; scroll_vertical_motion=&#8220;0|50|50|100|0|0|1&#8243; scroll_fade_enable=&#8220;on&#8220; scroll_fade=&#8220;0|50|50|100|100%|100%|10%&#8220; motion_trigger_start=&#8220;bottom&#8220; scroll_vertical_motion_tablet=&#8220;0|50|50|100|0|0|0&#8243; scroll_vertical_motion_phone=&#8220;&#8220; scroll_vertical_motion_last_edited=&#8220;on|desktop&#8220;][\/et_pb_image][\/et_pb_column][et_pb_column type=&#8220;1_2&#8243; module_class=&#8220;vertical-align&#8220; _builder_version=&#8220;4.4.2&#8243; animation_style=&#8220;slide&#8220; animation_direction=&#8220;right&#8220; animation_duration=&#8220;2000ms&#8220;][et_pb_text _builder_version=&#8220;4.4.8&#8243; header_2_font=&#8220;|500|||||||&#8220; header_2_font_size=&#8220;25px&#8220; background_layout=&#8220;dark&#8220; text_orientation_tablet=&#8220;center&#8220; text_orientation_phone=&#8220;&#8220; text_orientation_last_edited=&#8220;on|tablet&#8220; header_text_shadow_style=&#8220;preset5&#8243; header_2_text_shadow_style=&#8220;preset5&#8243;]<\/p>\n<h1>Pro.Harp.Tech<\/h1>\n<h2>Herr Enric de Anciola &#8211; Harfentechniker<\/h2>\n<p>[\/et_pb_text][et_pb_button button_url=&#8220;@ET-DC@eyJkeW5hbWljIjp0cnVlLCJjb250ZW50IjoicG9zdF9saW5rX3VybF9wYWdlIiwic2V0dGluZ3MiOnsicG9zdF9pZCI6IjEyIn19@&#8220; button_text=&#8220;Erfahren Sie mehr \u00fcber mich &#8230;&#8220; button_alignment_tablet=&#8220;center&#8220; button_alignment_phone=&#8220;&#8220; button_alignment_last_edited=&#8220;on|phone&#8220; _builder_version=&#8220;4.4.2&#8243; _dynamic_attributes=&#8220;button_url&#8220;][\/et_pb_button][\/et_pb_column][\/et_pb_row][\/et_pb_section][et_pb_section fb_built=&#8220;1&#8243; disabled_on=&#8220;off|off|off&#8220; _builder_version=&#8220;4.4.2&#8243; background_enable_color=&#8220;off&#8220; animation_style=&#8220;fade&#8220; animation_duration=&#8220;2000ms&#8220;][et_pb_row _builder_version=&#8220;4.4.2&#8243;][et_pb_column type=&#8220;4_4&#8243; _builder_version=&#8220;4.2.2&#8243;][et_pb_text _builder_version=&#8220;4.4.2&#8243; z_index=&#8220;100&#8243; text_orientation=&#8220;center&#8220; scroll_fade_enable=&#8220;off&#8220; scroll_fade=&#8220;0|50|50|100|0|100|0%&#8220; scroll_scaling_enable=&#8220;on&#8220; scroll_scaling=&#8220;0|50|50|100|70|100|90%&#8220; scroll_blur_enable=&#8220;on&#8220;]<\/p>\n<h2>Wie wurde Pro.Harp.Tech gegr\u00fcndet?<\/h2>\n<p>[\/et_pb_text][\/et_pb_column][\/et_pb_row][et_pb_row column_structure=&#8220;1_2,1_2&#8243; make_equal=&#8220;on&#8220; _builder_version=&#8220;4.4.2&#8243; max_width=&#8220;2560px&#8220;][et_pb_column type=&#8220;1_2&#8243; module_class=&#8220;vertical-align&#8220; _builder_version=&#8220;4.4.2&#8243;][et_pb_text _builder_version=&#8220;4.4.2&#8243; text_orientation=&#8220;justified&#8220; scroll_vertical_motion=&#8220;0|50|50|100|4|0|-2&#8243; scroll_horizontal_motion=&#8220;0|50|50|100|-4|-2|0&#8243; scroll_scaling_enable=&#8220;on&#8220; scroll_scaling=&#8220;0|50|50|100|90%|100|100%&#8220; scroll_blur_enable=&#8220;on&#8220; scroll_blur=&#8220;0|40|60|100|10px|0px|0px&#8220; motion_trigger_start=&#8220;top&#8220; text_orientation_tablet=&#8220;&#8220; text_orientation_phone=&#8220;left&#8220; text_orientation_last_edited=&#8220;on|phone&#8220;]In meiner Zeit als Techniker f\u00fcr eine bekannte Harfen-Marke kam unter meinen Kunden eine Frage immer wieder auf: K\u00f6nnen Sie Harfen anderer Marken reparieren<\/p>\n<p>Viele Orchester, Musikakademien und Solisten stehen oft vor dem Problem, verschiedene Techniker oder Kundendienste rufen zu m\u00fcssen, um ihre Harfensammlung stimmen zu k\u00f6nnen. Zudem finden die Besuche von diesen Technikern nur selten statt, sodass keine echte Harmonie zwischen den Instrumenten entstehen kann.[\/et_pb_text][\/et_pb_column][et_pb_column type=&#8220;1_2&#8243; _builder_version=&#8220;4.4.2&#8243; background_color=&#8220;#454955&#8243; custom_padding=&#8220;100px|100px|100px|100px|true|true&#8220; custom_padding_tablet=&#8220;50px|50px|50px|50px|true|true&#8220; custom_padding_phone=&#8220;20px|20px|20px|20px|true|true&#8220; custom_padding_last_edited=&#8220;on|phone&#8220; scroll_scaling_enable=&#8220;on&#8220; scroll_scaling=&#8220;0|50|50|100|110%|100|110%&#8220;][et_pb_image src=&#8220;https:\/\/proharptech.com\/wp-content\/uploads\/2020\/01\/test-home2.jpg&#8220; alt=&#8220;Harfenreinigung&#8220; title_text=&#8220;Harfenreinigung&#8220; align=&#8220;center&#8220; _builder_version=&#8220;4.4.2&#8243; scroll_horizontal_motion_enable=&#8220;on&#8220; scroll_horizontal_motion=&#8220;0|90|90|100|6|0|0&#8243;][\/et_pb_image][\/et_pb_column][\/et_pb_row][\/et_pb_section][et_pb_section fb_built=&#8220;1&#8243; _builder_version=&#8220;4.4.2&#8243; background_enable_color=&#8220;off&#8220; animation_style=&#8220;fade&#8220; animation_duration=&#8220;2000ms&#8220;][et_pb_row column_structure=&#8220;1_2,1_2&#8243; make_equal=&#8220;on&#8220; _builder_version=&#8220;4.4.2&#8243; max_width=&#8220;2560px&#8220;][et_pb_column type=&#8220;1_2&#8243; module_class=&#8220;vertical-align&#8220; _builder_version=&#8220;4.4.2&#8243; background_enable_color=&#8220;off&#8220; background_image=&#8220;https:\/\/proharptech.com\/wp-content\/uploads\/2020\/04\/pourquoi-choisir-pro-harp-tech.jpg&#8220; background_blend=&#8220;multiply&#8220; custom_padding_tablet=&#8220;100px||100px||true|false&#8220; custom_padding_phone=&#8220;50px||50px||true|false&#8220; custom_padding_last_edited=&#8220;on|phone&#8220; scroll_scaling_enable=&#8220;on&#8220; scroll_scaling=&#8220;0|50|50|100|120%|100|100&#8243;][et_pb_text _builder_version=&#8220;4.4.2&#8243; header_2_text_color=&#8220;#ffffff&#8220; z_index=&#8220;100&#8243; text_orientation=&#8220;center&#8220; scroll_fade_enable=&#8220;off&#8220; scroll_fade=&#8220;0|50|50|100|0|100|0%&#8220; scroll_blur_enable=&#8220;on&#8220;]<\/p>\n<h2>Wieso Pro.Harp.Tech?<\/h2>\n<p>[\/et_pb_text][\/et_pb_column][et_pb_column type=&#8220;1_2&#8243; module_class=&#8220;vertical-align&#8220; _builder_version=&#8220;4.4.2&#8243;][et_pb_text _builder_version=&#8220;4.4.9&#8243; text_orientation=&#8220;justified&#8220; scroll_vertical_motion=&#8220;0|50|50|100|4|0|-2&#8243; scroll_horizontal_motion=&#8220;0|50|50|100|-4|-2|0&#8243; scroll_scaling_enable=&#8220;on&#8220; scroll_scaling=&#8220;0|50|50|100|90%|100|100&#8243; scroll_blur_enable=&#8220;on&#8220; motion_trigger_start=&#8220;top&#8220; hover_enabled=&#8220;0&#8243; text_orientation_tablet=&#8220;&#8220; text_orientation_phone=&#8220;left&#8220; text_orientation_last_edited=&#8220;on|phone&#8220;]Pro.Harp.Tech zielt darauf ab, mit professionellen Harfenisten, Solisten und Nachwuchstalenten zusammenzuarbeiten, die ihre Instrumente mit h\u00f6chster Qualit\u00e4t gestimmt haben m\u00f6chten, unabh\u00e4ngig von der Marke. Und das ohne Bevorzugung oder Exklusivit\u00e4t.<\/p>\n<p>Das erfolgreiche, hoch-qualitative Stimmen von Harfen ist das Ergebnis einer intensiven Zusammenarbeit zwischen dem Techniker und dem Musiker. Diese Zusammenarbeit ist unerl\u00e4sslich, um das Instrument optimal zu stimmen und an den Charakter des Orchesters sowie den pers\u00f6nlichen Stil des Harfenisten anzupassen.<br \/>\n[\/et_pb_text][\/et_pb_column][\/et_pb_row][\/et_pb_section]<\/p>\n","protected":false},"excerpt":{"rendered":"<p>Pro.Harp.Tech Herr Enric de Anciola &#8211; HarfentechnikerWie wurde Pro.Harp.Tech gegr\u00fcndet?In meiner Zeit als Techniker f\u00fcr eine bekannte Harfen-Marke kam unter meinen Kunden eine Frage immer wieder auf: K\u00f6nnen Sie Harfen anderer Marken reparieren Viele Orchester, Musikakademien und Solisten stehen oft vor dem Problem, verschiedene Techniker oder Kundendienste rufen zu m\u00fcssen, um ihre Harfensammlung stimmen zu [&hellip;]<\/p>\n","protected":false},"author":1,"featured_media":922,"parent":0,"menu_order":0,"comment_status":"closed","ping_status":"closed","template":"","meta":{"_et_pb_use_builder":"on","_et_pb_old_content":"","_et_gb_content_width":"","footnotes":""},"class_list":["post-712","page","type-page","status-publish","has-post-thumbnail","hentry"],"yoast_head":"<!-- This site is optimized with the Yoast SEO plugin v27.4 - https:\/\/yoast.com\/product\/yoast-seo-wordpress\/ -->\n<title>Pro.Harp.Tech | Herr Enric de Anciola \u2013 Harfentechniker<\/title>\n<meta name=\"description\" content=\"Pro.Harp.Tech zielt darauf ab, mit professionellen Harfenisten, Solisten und Nachwuchstalenten zusammenzuarbeiten, die ihre Instrumente...\" \/>\n<meta name=\"robots\" content=\"index, follow, max-snippet:-1, max-image-preview:large, max-video-preview:-1\" \/>\n<link rel=\"canonical\" href=\"https:\/\/proharptech.com\/de\/\" \/>\n<meta property=\"og:locale\" content=\"de_DE\" \/>\n<meta property=\"og:type\" content=\"article\" \/>\n<meta property=\"og:title\" content=\"Pro.Harp.Tech | Herr Enric de Anciola \u2013 Harfentechniker\" \/>\n<meta property=\"og:description\" content=\"Pro.Harp.Tech zielt darauf ab, mit professionellen Harfenisten, Solisten und Nachwuchstalenten zusammenzuarbeiten, die ihre Instrumente...\" \/>\n<meta property=\"og:url\" content=\"https:\/\/proharptech.com\/de\/\" \/>\n<meta property=\"og:site_name\" content=\"Pro.Harp.Tech - Harp Technician\" \/>\n<meta property=\"article:modified_time\" content=\"2020-07-07T14:34:13+00:00\" \/>\n<meta property=\"og:image\" content=\"https:\/\/proharptech.com\/wp-content\/uploads\/2020\/01\/test-home4.jpg\" \/>\n\t<meta property=\"og:image:width\" content=\"1900\" \/>\n\t<meta property=\"og:image:height\" content=\"881\" \/>\n\t<meta property=\"og:image:type\" content=\"image\/jpeg\" \/>\n<meta name=\"twitter:card\" content=\"summary_large_image\" \/>\n<meta name=\"twitter:label1\" content=\"Gesch\u00e4tzte Lesezeit\" \/>\n\t<meta name=\"twitter:data1\" content=\"4\u00a0Minuten\" \/>\n<script type=\"application\/ld+json\" class=\"yoast-schema-graph\">{\"@context\":\"https:\\\/\\\/schema.org\",\"@graph\":[{\"@type\":\"WebPage\",\"@id\":\"https:\\\/\\\/proharptech.com\\\/de\\\/\",\"url\":\"https:\\\/\\\/proharptech.com\\\/de\\\/\",\"name\":\"Pro.Harp.Tech | Herr Enric de Anciola \u2013 Harfentechniker\",\"isPartOf\":{\"@id\":\"https:\\\/\\\/proharptech.com\\\/de\\\/#website\"},\"primaryImageOfPage\":{\"@id\":\"https:\\\/\\\/proharptech.com\\\/de\\\/#primaryimage\"},\"image\":{\"@id\":\"https:\\\/\\\/proharptech.com\\\/de\\\/#primaryimage\"},\"thumbnailUrl\":\"https:\\\/\\\/proharptech.com\\\/wp-content\\\/uploads\\\/2020\\\/01\\\/test-home4.jpg\",\"datePublished\":\"2020-05-20T14:07:10+00:00\",\"dateModified\":\"2020-07-07T14:34:13+00:00\",\"description\":\"Pro.Harp.Tech zielt darauf ab, mit professionellen Harfenisten, Solisten und Nachwuchstalenten zusammenzuarbeiten, die ihre Instrumente...\",\"breadcrumb\":{\"@id\":\"https:\\\/\\\/proharptech.com\\\/de\\\/#breadcrumb\"},\"inLanguage\":\"de\",\"potentialAction\":[{\"@type\":\"ReadAction\",\"target\":[\"https:\\\/\\\/proharptech.com\\\/de\\\/\"]}]},{\"@type\":\"ImageObject\",\"inLanguage\":\"de\",\"@id\":\"https:\\\/\\\/proharptech.com\\\/de\\\/#primaryimage\",\"url\":\"https:\\\/\\\/proharptech.com\\\/wp-content\\\/uploads\\\/2020\\\/01\\\/test-home4.jpg\",\"contentUrl\":\"https:\\\/\\\/proharptech.com\\\/wp-content\\\/uploads\\\/2020\\\/01\\\/test-home4.jpg\",\"width\":1900,\"height\":881},{\"@type\":\"BreadcrumbList\",\"@id\":\"https:\\\/\\\/proharptech.com\\\/de\\\/#breadcrumb\",\"itemListElement\":[{\"@type\":\"ListItem\",\"position\":1,\"name\":\"Home\",\"item\":\"https:\\\/\\\/proharptech.com\\\/de\\\/\"},{\"@type\":\"ListItem\",\"position\":2,\"name\":\"Start\"}]},{\"@type\":\"WebSite\",\"@id\":\"https:\\\/\\\/proharptech.com\\\/de\\\/#website\",\"url\":\"https:\\\/\\\/proharptech.com\\\/de\\\/\",\"name\":\"Pro.Harp.Tech - Harp Technician\",\"description\":\"Enric de Anciola\",\"publisher\":{\"@id\":\"https:\\\/\\\/proharptech.com\\\/de\\\/#organization\"},\"potentialAction\":[{\"@type\":\"SearchAction\",\"target\":{\"@type\":\"EntryPoint\",\"urlTemplate\":\"https:\\\/\\\/proharptech.com\\\/de\\\/?s={search_term_string}\"},\"query-input\":{\"@type\":\"PropertyValueSpecification\",\"valueRequired\":true,\"valueName\":\"search_term_string\"}}],\"inLanguage\":\"de\"},{\"@type\":\"Organization\",\"@id\":\"https:\\\/\\\/proharptech.com\\\/de\\\/#organization\",\"name\":\"Pro.Harp.Tech - Enric de Anciola\",\"url\":\"https:\\\/\\\/proharptech.com\\\/de\\\/\",\"logo\":{\"@type\":\"ImageObject\",\"inLanguage\":\"de\",\"@id\":\"https:\\\/\\\/proharptech.com\\\/de\\\/#\\\/schema\\\/logo\\\/image\\\/\",\"url\":\"https:\\\/\\\/proharptech.com\\\/wp-content\\\/uploads\\\/2020\\\/04\\\/favicon.png\",\"contentUrl\":\"https:\\\/\\\/proharptech.com\\\/wp-content\\\/uploads\\\/2020\\\/04\\\/favicon.png\",\"width\":512,\"height\":512,\"caption\":\"Pro.Harp.Tech - Enric de Anciola\"},\"image\":{\"@id\":\"https:\\\/\\\/proharptech.com\\\/de\\\/#\\\/schema\\\/logo\\\/image\\\/\"}}]}<\/script>\n<!-- \/ Yoast SEO plugin. -->","yoast_head_json":{"title":"Pro.Harp.Tech | Herr Enric de Anciola \u2013 Harfentechniker","description":"Pro.Harp.Tech zielt darauf ab, mit professionellen Harfenisten, Solisten und Nachwuchstalenten zusammenzuarbeiten, die ihre Instrumente...","robots":{"index":"index","follow":"follow","max-snippet":"max-snippet:-1","max-image-preview":"max-image-preview:large","max-video-preview":"max-video-preview:-1"},"canonical":"https:\/\/proharptech.com\/de\/","og_locale":"de_DE","og_type":"article","og_title":"Pro.Harp.Tech | Herr Enric de Anciola \u2013 Harfentechniker","og_description":"Pro.Harp.Tech zielt darauf ab, mit professionellen Harfenisten, Solisten und Nachwuchstalenten zusammenzuarbeiten, die ihre Instrumente...","og_url":"https:\/\/proharptech.com\/de\/","og_site_name":"Pro.Harp.Tech - Harp Technician","article_modified_time":"2020-07-07T14:34:13+00:00","og_image":[{"width":1900,"height":881,"url":"https:\/\/proharptech.com\/wp-content\/uploads\/2020\/01\/test-home4.jpg","type":"image\/jpeg"}],"twitter_card":"summary_large_image","twitter_misc":{"Gesch\u00e4tzte Lesezeit":"4\u00a0Minuten"},"schema":{"@context":"https:\/\/schema.org","@graph":[{"@type":"WebPage","@id":"https:\/\/proharptech.com\/de\/","url":"https:\/\/proharptech.com\/de\/","name":"Pro.Harp.Tech | Herr Enric de Anciola \u2013 Harfentechniker","isPartOf":{"@id":"https:\/\/proharptech.com\/de\/#website"},"primaryImageOfPage":{"@id":"https:\/\/proharptech.com\/de\/#primaryimage"},"image":{"@id":"https:\/\/proharptech.com\/de\/#primaryimage"},"thumbnailUrl":"https:\/\/proharptech.com\/wp-content\/uploads\/2020\/01\/test-home4.jpg","datePublished":"2020-05-20T14:07:10+00:00","dateModified":"2020-07-07T14:34:13+00:00","description":"Pro.Harp.Tech zielt darauf ab, mit professionellen Harfenisten, Solisten und Nachwuchstalenten zusammenzuarbeiten, die ihre Instrumente...","breadcrumb":{"@id":"https:\/\/proharptech.com\/de\/#breadcrumb"},"inLanguage":"de","potentialAction":[{"@type":"ReadAction","target":["https:\/\/proharptech.com\/de\/"]}]},{"@type":"ImageObject","inLanguage":"de","@id":"https:\/\/proharptech.com\/de\/#primaryimage","url":"https:\/\/proharptech.com\/wp-content\/uploads\/2020\/01\/test-home4.jpg","contentUrl":"https:\/\/proharptech.com\/wp-content\/uploads\/2020\/01\/test-home4.jpg","width":1900,"height":881},{"@type":"BreadcrumbList","@id":"https:\/\/proharptech.com\/de\/#breadcrumb","itemListElement":[{"@type":"ListItem","position":1,"name":"Home","item":"https:\/\/proharptech.com\/de\/"},{"@type":"ListItem","position":2,"name":"Start"}]},{"@type":"WebSite","@id":"https:\/\/proharptech.com\/de\/#website","url":"https:\/\/proharptech.com\/de\/","name":"Pro.Harp.Tech - Harp Technician","description":"Enric de Anciola","publisher":{"@id":"https:\/\/proharptech.com\/de\/#organization"},"potentialAction":[{"@type":"SearchAction","target":{"@type":"EntryPoint","urlTemplate":"https:\/\/proharptech.com\/de\/?s={search_term_string}"},"query-input":{"@type":"PropertyValueSpecification","valueRequired":true,"valueName":"search_term_string"}}],"inLanguage":"de"},{"@type":"Organization","@id":"https:\/\/proharptech.com\/de\/#organization","name":"Pro.Harp.Tech - Enric de Anciola","url":"https:\/\/proharptech.com\/de\/","logo":{"@type":"ImageObject","inLanguage":"de","@id":"https:\/\/proharptech.com\/de\/#\/schema\/logo\/image\/","url":"https:\/\/proharptech.com\/wp-content\/uploads\/2020\/04\/favicon.png","contentUrl":"https:\/\/proharptech.com\/wp-content\/uploads\/2020\/04\/favicon.png","width":512,"height":512,"caption":"Pro.Harp.Tech - Enric de Anciola"},"image":{"@id":"https:\/\/proharptech.com\/de\/#\/schema\/logo\/image\/"}}]}},"_links":{"self":[{"href":"https:\/\/proharptech.com\/de\/wp-json\/wp\/v2\/pages\/712","targetHints":{"allow":["GET"]}}],"collection":[{"href":"https:\/\/proharptech.com\/de\/wp-json\/wp\/v2\/pages"}],"about":[{"href":"https:\/\/proharptech.com\/de\/wp-json\/wp\/v2\/types\/page"}],"author":[{"embeddable":true,"href":"https:\/\/proharptech.com\/de\/wp-json\/wp\/v2\/users\/1"}],"replies":[{"embeddable":true,"href":"https:\/\/proharptech.com\/de\/wp-json\/wp\/v2\/comments?post=712"}],"version-history":[{"count":0,"href":"https:\/\/proharptech.com\/de\/wp-json\/wp\/v2\/pages\/712\/revisions"}],"wp:featuredmedia":[{"embeddable":true,"href":"https:\/\/proharptech.com\/de\/wp-json\/wp\/v2\/media\/922"}],"wp:attachment":[{"href":"https:\/\/proharptech.com\/de\/wp-json\/wp\/v2\/media?parent=712"}],"curies":[{"name":"wp","href":"https:\/\/api.w.org\/{rel}","templated":true}]}}