{"id":724,"date":"2020-05-20T16:14:59","date_gmt":"2020-05-20T14:14:59","guid":{"rendered":"https:\/\/proharptech.com\/buchungsportal\/"},"modified":"2020-07-06T14:30:44","modified_gmt":"2020-07-06T12:30:44","slug":"buchungsportal","status":"publish","type":"page","link":"https:\/\/proharptech.com\/de\/buchungsportal\/","title":{"rendered":"BUCHUNGSPORTAL"},"content":{"rendered":"<p>[et_pb_section fb_built=&#8220;1&#8243; next_background_color=&#8220;#ffffff&#8220; _builder_version=&#8220;4.4.5&#8243; background_color=&#8220;rgba(69,73,85,0.5)&#8220; background_image=&#8220;https:\/\/proharptech.com\/wp-content\/uploads\/2020\/05\/booking.jpg&#8220; background_blend=&#8220;multiply&#8220; custom_padding=&#8220;100px||200px||false|false&#8220; bottom_divider_style=&#8220;slant2&#8243; animation_style=&#8220;fade&#8220; locked=&#8220;off&#8220;][et_pb_row make_equal=&#8220;on&#8220; _builder_version=&#8220;4.4.5&#8243;][et_pb_column type=&#8220;4_4&#8243; _builder_version=&#8220;4.4.2&#8243; animation_style=&#8220;fade&#8220; animation_duration=&#8220;2000ms&#8220;][et_pb_text _builder_version=&#8220;4.4.5&#8243; header_text_align=&#8220;center&#8220; header_2_font=&#8220;|500|||||||&#8220; header_2_font_size=&#8220;25px&#8220; text_orientation=&#8220;center&#8220; background_layout=&#8220;dark&#8220; header_text_align_tablet=&#8220;center&#8220; header_text_align_phone=&#8220;center&#8220; header_text_align_last_edited=&#8220;on|desktop&#8220; text_orientation_tablet=&#8220;center&#8220; text_orientation_phone=&#8220;left&#8220; text_orientation_last_edited=&#8220;on|phone&#8220; text_text_shadow_style=&#8220;preset5&#8243; header_text_shadow_style=&#8220;preset5&#8243; header_2_text_shadow_style=&#8220;preset5&#8243;]<\/p>\n<h1>BUCHUNGSPORTAL: (AGB + Schnittstelle mit Bankkarten)<\/h1>\n<div id=\"gtx-trans\" style=\"position: absolute; left: -170px; top: 5.09375px;\">\n<div class=\"gtx-trans-icon\"><\/div>\n<\/div>\n<p>[\/et_pb_text][\/et_pb_column][\/et_pb_row][\/et_pb_section][et_pb_section fb_built=&#8220;1&#8243; _builder_version=&#8220;4.4.5&#8243; animation_style=&#8220;fade&#8220;][et_pb_row _builder_version=&#8220;4.4.5&#8243;][et_pb_column type=&#8220;4_4&#8243; _builder_version=&#8220;4.4.5&#8243;][et_pb_text _builder_version=&#8220;4.4.8&#8243; text_orientation=&#8220;center&#8220;]Die Best\u00e4tigung unseres Termins erfolgt \u00fcber dieses Portal.<br \/>\n<strong>Hier k\u00f6nnen Sie unseren Termin und Ihre Reservierung durch eine Abschlagszahlung best\u00e4tigen.<\/strong><br \/>\nFolgen Sie bitte den Anweisungen auf der Benutzeroberfl\u00e4che. Bitte kontaktieren Sie uns, wenn Sie weitere Informationen zur Funktionsweise unseres Portals erhalten m\u00f6chten.[\/et_pb_text][et_pb_text _builder_version=&#8220;4.4.5&#8243;]<\/p>\n<p>[ameliaevents]<\/p>\n<div id=\"gtx-trans\" style=\"position: absolute; left: -78px; top: 55px;\">\n<div class=\"gtx-trans-icon\">\u00a0<\/div>\n<\/div>\n<p>[\/et_pb_text][\/et_pb_column][\/et_pb_row][\/et_pb_section]<\/p>\n","protected":false},"excerpt":{"rendered":"<p>BUCHUNGSPORTAL: (AGB + Schnittstelle mit Bankkarten) Die Best\u00e4tigung unseres Termins erfolgt \u00fcber dieses Portal. Hier k\u00f6nnen Sie unseren Termin und Ihre Reservierung durch eine Abschlagszahlung best\u00e4tigen. Folgen Sie bitte den Anweisungen auf der Benutzeroberfl\u00e4che. Bitte kontaktieren Sie uns, wenn Sie weitere Informationen zur Funktionsweise unseres Portals erhalten m\u00f6chten.[ameliaevents] \u00a0<\/p>\n","protected":false},"author":1,"featured_media":0,"parent":0,"menu_order":0,"comment_status":"closed","ping_status":"closed","template":"","meta":{"_et_pb_use_builder":"on","_et_pb_old_content":"","_et_gb_content_width":"","footnotes":""},"class_list":["post-724","page","type-page","status-publish","hentry"],"yoast_head":"<!-- This site is optimized with the Yoast SEO plugin v27.4 - https:\/\/yoast.com\/product\/yoast-seo-wordpress\/ -->\n<title>BUCHUNGSPORTAL - Pro.Harp.Tech - Harp Technician<\/title>\n<meta name=\"description\" content=\"Die Best\u00e4tigung unseres Termins erfolgt \u00fcber dieses Portal. Hier k\u00f6nnen Sie unseren Termin und Ihre Reservierung durch eine Abschlagszahlung...\" \/>\n<meta name=\"robots\" content=\"index, follow, max-snippet:-1, max-image-preview:large, max-video-preview:-1\" \/>\n<link rel=\"canonical\" href=\"https:\/\/proharptech.com\/de\/buchungsportal\/\" \/>\n<meta property=\"og:locale\" content=\"de_DE\" \/>\n<meta property=\"og:type\" content=\"article\" \/>\n<meta property=\"og:title\" content=\"BUCHUNGSPORTAL - Pro.Harp.Tech - Harp Technician\" \/>\n<meta property=\"og:description\" content=\"Die Best\u00e4tigung unseres Termins erfolgt \u00fcber dieses Portal. Hier k\u00f6nnen Sie unseren Termin und Ihre Reservierung durch eine Abschlagszahlung...\" \/>\n<meta property=\"og:url\" content=\"https:\/\/proharptech.com\/de\/buchungsportal\/\" \/>\n<meta property=\"og:site_name\" content=\"Pro.Harp.Tech - Harp Technician\" \/>\n<meta property=\"article:modified_time\" content=\"2020-07-06T12:30:44+00:00\" \/>\n<meta name=\"twitter:card\" content=\"summary_large_image\" \/>\n<meta name=\"twitter:label1\" content=\"Gesch\u00e4tzte Lesezeit\" \/>\n\t<meta name=\"twitter:data1\" content=\"1\u00a0Minute\" \/>\n<script type=\"application\/ld+json\" class=\"yoast-schema-graph\">{\"@context\":\"https:\\\/\\\/schema.org\",\"@graph\":[{\"@type\":\"WebPage\",\"@id\":\"https:\\\/\\\/proharptech.com\\\/de\\\/buchungsportal\\\/\",\"url\":\"https:\\\/\\\/proharptech.com\\\/de\\\/buchungsportal\\\/\",\"name\":\"BUCHUNGSPORTAL - Pro.Harp.Tech - Harp Technician\",\"isPartOf\":{\"@id\":\"https:\\\/\\\/proharptech.com\\\/de\\\/#website\"},\"datePublished\":\"2020-05-20T14:14:59+00:00\",\"dateModified\":\"2020-07-06T12:30:44+00:00\",\"description\":\"Die Best\u00e4tigung unseres Termins erfolgt \u00fcber dieses Portal. Hier k\u00f6nnen Sie unseren Termin und Ihre Reservierung durch eine Abschlagszahlung...\",\"breadcrumb\":{\"@id\":\"https:\\\/\\\/proharptech.com\\\/de\\\/buchungsportal\\\/#breadcrumb\"},\"inLanguage\":\"de\",\"potentialAction\":[{\"@type\":\"ReadAction\",\"target\":[\"https:\\\/\\\/proharptech.com\\\/de\\\/buchungsportal\\\/\"]}]},{\"@type\":\"BreadcrumbList\",\"@id\":\"https:\\\/\\\/proharptech.com\\\/de\\\/buchungsportal\\\/#breadcrumb\",\"itemListElement\":[{\"@type\":\"ListItem\",\"position\":1,\"name\":\"Home\",\"item\":\"https:\\\/\\\/proharptech.com\\\/de\\\/\"},{\"@type\":\"ListItem\",\"position\":2,\"name\":\"BUCHUNGSPORTAL\"}]},{\"@type\":\"WebSite\",\"@id\":\"https:\\\/\\\/proharptech.com\\\/de\\\/#website\",\"url\":\"https:\\\/\\\/proharptech.com\\\/de\\\/\",\"name\":\"Pro.Harp.Tech - Harp Technician\",\"description\":\"Enric de Anciola\",\"publisher\":{\"@id\":\"https:\\\/\\\/proharptech.com\\\/de\\\/#organization\"},\"potentialAction\":[{\"@type\":\"SearchAction\",\"target\":{\"@type\":\"EntryPoint\",\"urlTemplate\":\"https:\\\/\\\/proharptech.com\\\/de\\\/?s={search_term_string}\"},\"query-input\":{\"@type\":\"PropertyValueSpecification\",\"valueRequired\":true,\"valueName\":\"search_term_string\"}}],\"inLanguage\":\"de\"},{\"@type\":\"Organization\",\"@id\":\"https:\\\/\\\/proharptech.com\\\/de\\\/#organization\",\"name\":\"Pro.Harp.Tech - Enric de Anciola\",\"url\":\"https:\\\/\\\/proharptech.com\\\/de\\\/\",\"logo\":{\"@type\":\"ImageObject\",\"inLanguage\":\"de\",\"@id\":\"https:\\\/\\\/proharptech.com\\\/de\\\/#\\\/schema\\\/logo\\\/image\\\/\",\"url\":\"https:\\\/\\\/proharptech.com\\\/wp-content\\\/uploads\\\/2020\\\/04\\\/favicon.png\",\"contentUrl\":\"https:\\\/\\\/proharptech.com\\\/wp-content\\\/uploads\\\/2020\\\/04\\\/favicon.png\",\"width\":512,\"height\":512,\"caption\":\"Pro.Harp.Tech - Enric de Anciola\"},\"image\":{\"@id\":\"https:\\\/\\\/proharptech.com\\\/de\\\/#\\\/schema\\\/logo\\\/image\\\/\"}}]}<\/script>\n<!-- \/ Yoast SEO plugin. -->","yoast_head_json":{"title":"BUCHUNGSPORTAL - Pro.Harp.Tech - Harp Technician","description":"Die Best\u00e4tigung unseres Termins erfolgt \u00fcber dieses Portal. Hier k\u00f6nnen Sie unseren Termin und Ihre Reservierung durch eine Abschlagszahlung...","robots":{"index":"index","follow":"follow","max-snippet":"max-snippet:-1","max-image-preview":"max-image-preview:large","max-video-preview":"max-video-preview:-1"},"canonical":"https:\/\/proharptech.com\/de\/buchungsportal\/","og_locale":"de_DE","og_type":"article","og_title":"BUCHUNGSPORTAL - Pro.Harp.Tech - Harp Technician","og_description":"Die Best\u00e4tigung unseres Termins erfolgt \u00fcber dieses Portal. Hier k\u00f6nnen Sie unseren Termin und Ihre Reservierung durch eine Abschlagszahlung...","og_url":"https:\/\/proharptech.com\/de\/buchungsportal\/","og_site_name":"Pro.Harp.Tech - Harp Technician","article_modified_time":"2020-07-06T12:30:44+00:00","twitter_card":"summary_large_image","twitter_misc":{"Gesch\u00e4tzte Lesezeit":"1\u00a0Minute"},"schema":{"@context":"https:\/\/schema.org","@graph":[{"@type":"WebPage","@id":"https:\/\/proharptech.com\/de\/buchungsportal\/","url":"https:\/\/proharptech.com\/de\/buchungsportal\/","name":"BUCHUNGSPORTAL - Pro.Harp.Tech - Harp Technician","isPartOf":{"@id":"https:\/\/proharptech.com\/de\/#website"},"datePublished":"2020-05-20T14:14:59+00:00","dateModified":"2020-07-06T12:30:44+00:00","description":"Die Best\u00e4tigung unseres Termins erfolgt \u00fcber dieses Portal. Hier k\u00f6nnen Sie unseren Termin und Ihre Reservierung durch eine Abschlagszahlung...","breadcrumb":{"@id":"https:\/\/proharptech.com\/de\/buchungsportal\/#breadcrumb"},"inLanguage":"de","potentialAction":[{"@type":"ReadAction","target":["https:\/\/proharptech.com\/de\/buchungsportal\/"]}]},{"@type":"BreadcrumbList","@id":"https:\/\/proharptech.com\/de\/buchungsportal\/#breadcrumb","itemListElement":[{"@type":"ListItem","position":1,"name":"Home","item":"https:\/\/proharptech.com\/de\/"},{"@type":"ListItem","position":2,"name":"BUCHUNGSPORTAL"}]},{"@type":"WebSite","@id":"https:\/\/proharptech.com\/de\/#website","url":"https:\/\/proharptech.com\/de\/","name":"Pro.Harp.Tech - Harp Technician","description":"Enric de Anciola","publisher":{"@id":"https:\/\/proharptech.com\/de\/#organization"},"potentialAction":[{"@type":"SearchAction","target":{"@type":"EntryPoint","urlTemplate":"https:\/\/proharptech.com\/de\/?s={search_term_string}"},"query-input":{"@type":"PropertyValueSpecification","valueRequired":true,"valueName":"search_term_string"}}],"inLanguage":"de"},{"@type":"Organization","@id":"https:\/\/proharptech.com\/de\/#organization","name":"Pro.Harp.Tech - Enric de Anciola","url":"https:\/\/proharptech.com\/de\/","logo":{"@type":"ImageObject","inLanguage":"de","@id":"https:\/\/proharptech.com\/de\/#\/schema\/logo\/image\/","url":"https:\/\/proharptech.com\/wp-content\/uploads\/2020\/04\/favicon.png","contentUrl":"https:\/\/proharptech.com\/wp-content\/uploads\/2020\/04\/favicon.png","width":512,"height":512,"caption":"Pro.Harp.Tech - Enric de Anciola"},"image":{"@id":"https:\/\/proharptech.com\/de\/#\/schema\/logo\/image\/"}}]}},"_links":{"self":[{"href":"https:\/\/proharptech.com\/de\/wp-json\/wp\/v2\/pages\/724","targetHints":{"allow":["GET"]}}],"collection":[{"href":"https:\/\/proharptech.com\/de\/wp-json\/wp\/v2\/pages"}],"about":[{"href":"https:\/\/proharptech.com\/de\/wp-json\/wp\/v2\/types\/page"}],"author":[{"embeddable":true,"href":"https:\/\/proharptech.com\/de\/wp-json\/wp\/v2\/users\/1"}],"replies":[{"embeddable":true,"href":"https:\/\/proharptech.com\/de\/wp-json\/wp\/v2\/comments?post=724"}],"version-history":[{"count":0,"href":"https:\/\/proharptech.com\/de\/wp-json\/wp\/v2\/pages\/724\/revisions"}],"wp:attachment":[{"href":"https:\/\/proharptech.com\/de\/wp-json\/wp\/v2\/media?parent=724"}],"curies":[{"name":"wp","href":"https:\/\/api.w.org\/{rel}","templated":true}]}}