{"id":371,"date":"2020-04-21T11:43:03","date_gmt":"2020-04-21T09:43:03","guid":{"rendered":"https:\/\/proharptech.com\/accueil\/"},"modified":"2020-07-07T16:33:23","modified_gmt":"2020-07-07T14:33:23","slug":"accueil","status":"publish","type":"page","link":"https:\/\/proharptech.com\/fr\/","title":{"rendered":"Accueil"},"content":{"rendered":"<p>[et_pb_section fb_built=\u00a0\u00bb1&Prime; next_background_color=\u00a0\u00bb#ffffff\u00a0\u00bb _builder_version=\u00a0\u00bb4.4.2&Prime; background_image=\u00a0\u00bbhttps:\/\/proharptech.com\/wp-content\/uploads\/2020\/01\/test-home4.jpg\u00a0\u00bb parallax=\u00a0\u00bbon\u00a0\u00bb custom_padding=\u00a0\u00bb||200px||false|false\u00a0\u00bb bottom_divider_style=\u00a0\u00bbslant2&Prime; animation_style=\u00a0\u00bbfade\u00a0\u00bb][et_pb_row column_structure=\u00a0\u00bb1_2,1_2&Prime; make_equal=\u00a0\u00bbon\u00a0\u00bb _builder_version=\u00a0\u00bb4.4.2&Prime;][et_pb_column type=\u00a0\u00bb1_2&Prime; _builder_version=\u00a0\u00bb4.4.2&Prime; animation_style=\u00a0\u00bbfade\u00a0\u00bb animation_duration=\u00a0\u00bb2000ms\u00a0\u00bb][et_pb_image src=\u00a0\u00bbhttps:\/\/proharptech.com\/wp-content\/uploads\/2020\/04\/logo-v3.png\u00a0\u00bb alt=\u00a0\u00bbPro.Harp.Tech\u00a0\u00bb title_text=\u00a0\u00bbPro.Harp.Tech\u00a0\u00bb align_tablet=\u00a0\u00bbcenter\u00a0\u00bb align_phone=\u00a0\u00bb\u00a0\u00bb align_last_edited=\u00a0\u00bbon|tablet\u00a0\u00bb _builder_version=\u00a0\u00bb4.4.2&Prime; width=\u00a0\u00bb50%\u00a0\u00bb scroll_vertical_motion_enable=\u00a0\u00bbon\u00a0\u00bb scroll_vertical_motion=\u00a0\u00bb0|50|50|100|0|0|1&Prime; scroll_fade_enable=\u00a0\u00bbon\u00a0\u00bb scroll_fade=\u00a0\u00bb0|50|50|100|100%|100%|10%\u00a0\u00bb motion_trigger_start=\u00a0\u00bbbottom\u00a0\u00bb scroll_vertical_motion_tablet=\u00a0\u00bb0|50|50|100|0|0|0&Prime; scroll_vertical_motion_phone=\u00a0\u00bb\u00a0\u00bb scroll_vertical_motion_last_edited=\u00a0\u00bbon|desktop\u00a0\u00bb][\/et_pb_image][\/et_pb_column][et_pb_column type=\u00a0\u00bb1_2&Prime; module_class=\u00a0\u00bbvertical-align\u00a0\u00bb _builder_version=\u00a0\u00bb4.4.2&Prime; animation_style=\u00a0\u00bbslide\u00a0\u00bb animation_direction=\u00a0\u00bbright\u00a0\u00bb animation_duration=\u00a0\u00bb2000ms\u00a0\u00bb][et_pb_text _builder_version=\u00a0\u00bb4.4.8&Prime; header_2_font=\u00a0\u00bb|500|||||||\u00a0\u00bb header_2_font_size=\u00a0\u00bb25px\u00a0\u00bb background_layout=\u00a0\u00bbdark\u00a0\u00bb text_orientation_tablet=\u00a0\u00bbcenter\u00a0\u00bb text_orientation_phone=\u00a0\u00bb\u00a0\u00bb text_orientation_last_edited=\u00a0\u00bbon|tablet\u00a0\u00bb header_text_shadow_style=\u00a0\u00bbpreset5&Prime; header_2_text_shadow_style=\u00a0\u00bbpreset5&Prime;]<\/p>\n<h1>Pro.Harp.Tech<\/h1>\n<h2>M. Enric de Anciola &#8211; Technicien de harpe<\/h2>\n<p>[\/et_pb_text][et_pb_button button_url=\u00a0\u00bb@ET-DC@eyJkeW5hbWljIjp0cnVlLCJjb250ZW50IjoicG9zdF9saW5rX3VybF9wYWdlIiwic2V0dGluZ3MiOnsicG9zdF9pZCI6IjEyIn19@\u00a0\u00bb button_text=\u00a0\u00bbEn savoir plus sur moi&#8230;\u00a0\u00bb button_alignment_tablet=\u00a0\u00bbcenter\u00a0\u00bb button_alignment_phone=\u00a0\u00bb\u00a0\u00bb button_alignment_last_edited=\u00a0\u00bbon|phone\u00a0\u00bb _builder_version=\u00a0\u00bb4.4.2&Prime; _dynamic_attributes=\u00a0\u00bbbutton_url\u00a0\u00bb][\/et_pb_button][\/et_pb_column][\/et_pb_row][\/et_pb_section][et_pb_section fb_built=\u00a0\u00bb1&Prime; disabled_on=\u00a0\u00bboff|off|off\u00a0\u00bb _builder_version=\u00a0\u00bb4.4.2&Prime; background_enable_color=\u00a0\u00bboff\u00a0\u00bb animation_style=\u00a0\u00bbfade\u00a0\u00bb animation_duration=\u00a0\u00bb2000ms\u00a0\u00bb][et_pb_row _builder_version=\u00a0\u00bb4.4.2&Prime;][et_pb_column type=\u00a0\u00bb4_4&Prime; _builder_version=\u00a0\u00bb4.2.2&Prime;][et_pb_text _builder_version=\u00a0\u00bb4.4.2&Prime; z_index=\u00a0\u00bb100&Prime; text_orientation=\u00a0\u00bbcenter\u00a0\u00bb scroll_fade_enable=\u00a0\u00bboff\u00a0\u00bb scroll_fade=\u00a0\u00bb0|50|50|100|0|100|0%\u00a0\u00bb scroll_scaling_enable=\u00a0\u00bbon\u00a0\u00bb scroll_scaling=\u00a0\u00bb0|50|50|100|70|100|90%\u00a0\u00bb scroll_blur_enable=\u00a0\u00bbon\u00a0\u00bb]<\/p>\n<h2>Comment est n\u00e9(e) Pro.Harp.Tech ?<\/h2>\n<p>[\/et_pb_text][\/et_pb_column][\/et_pb_row][et_pb_row column_structure=\u00a0\u00bb1_2,1_2&Prime; make_equal=\u00a0\u00bbon\u00a0\u00bb _builder_version=\u00a0\u00bb4.4.2&Prime; max_width=\u00a0\u00bb2560px\u00a0\u00bb][et_pb_column type=\u00a0\u00bb1_2&Prime; module_class=\u00a0\u00bbvertical-align\u00a0\u00bb _builder_version=\u00a0\u00bb4.4.2&Prime;][et_pb_text _builder_version=\u00a0\u00bb4.4.2&Prime; text_orientation=\u00a0\u00bbjustified\u00a0\u00bb scroll_vertical_motion=\u00a0\u00bb0|50|50|100|4|0|-2&Prime; scroll_horizontal_motion=\u00a0\u00bb0|50|50|100|-4|-2|0&Prime; scroll_scaling_enable=\u00a0\u00bbon\u00a0\u00bb scroll_scaling=\u00a0\u00bb0|50|50|100|90%|100|100%\u00a0\u00bb scroll_blur_enable=\u00a0\u00bbon\u00a0\u00bb scroll_blur=\u00a0\u00bb0|40|60|100|10px|0px|0px\u00a0\u00bb motion_trigger_start=\u00a0\u00bbtop\u00a0\u00bb text_orientation_tablet=\u00a0\u00bb\u00a0\u00bb text_orientation_phone=\u00a0\u00bbleft\u00a0\u00bb text_orientation_last_edited=\u00a0\u00bbon|phone\u00a0\u00bb]Lors de mes ann\u00e9es pass\u00e9es en tant que technicien rattach\u00e9 \u00e0 une marque, une question revenait toujours chez mes clients : pourriez-vous r\u00e9gler les harpes des autres marques ?<\/p>\n<p>Beaucoup d\u2019orchestres, conservatoires et solistes se trouvent souvent confront\u00e9s au probl\u00e8me de devoir appeler plusieurs techniciens ou services apr\u00e8s-vente pour pouvoir programmer les r\u00e9glages de l\u2019ensemble de leur parc de harpes. La venue des diff\u00e9rents techniciens, de surcroit, a souvent lieu \u00e0 des moments tr\u00e8s espac\u00e9s dans le temps, emp\u00eachant ainsi une r\u00e9elle \u00ab harmonie \u00bb du parc.[\/et_pb_text][\/et_pb_column][et_pb_column type=\u00a0\u00bb1_2&Prime; _builder_version=\u00a0\u00bb4.4.2&Prime; background_color=\u00a0\u00bb#454955&Prime; custom_padding=\u00a0\u00bb100px|100px|100px|100px|true|true\u00a0\u00bb custom_padding_tablet=\u00a0\u00bb50px|50px|50px|50px|true|true\u00a0\u00bb custom_padding_phone=\u00a0\u00bb20px|20px|20px|20px|true|true\u00a0\u00bb custom_padding_last_edited=\u00a0\u00bbon|phone\u00a0\u00bb scroll_scaling_enable=\u00a0\u00bbon\u00a0\u00bb scroll_scaling=\u00a0\u00bb0|50|50|100|110%|100|110%\u00a0\u00bb][et_pb_image src=\u00a0\u00bbhttps:\/\/proharptech.com\/wp-content\/uploads\/2020\/01\/test-home2.jpg\u00a0\u00bb alt=\u00a0\u00bbNettoyage d&rsquo;une harpe\u00a0\u00bb title_text=\u00a0\u00bbNettoyage d&rsquo;une harpe\u00a0\u00bb align=\u00a0\u00bbcenter\u00a0\u00bb _builder_version=\u00a0\u00bb4.4.2&Prime; scroll_horizontal_motion_enable=\u00a0\u00bbon\u00a0\u00bb scroll_horizontal_motion=\u00a0\u00bb0|90|90|100|6|0|0&Prime;][\/et_pb_image][\/et_pb_column][\/et_pb_row][\/et_pb_section][et_pb_section fb_built=\u00a0\u00bb1&Prime; _builder_version=\u00a0\u00bb4.4.2&Prime; background_enable_color=\u00a0\u00bboff\u00a0\u00bb animation_style=\u00a0\u00bbfade\u00a0\u00bb animation_duration=\u00a0\u00bb2000ms\u00a0\u00bb][et_pb_row column_structure=\u00a0\u00bb1_2,1_2&Prime; make_equal=\u00a0\u00bbon\u00a0\u00bb _builder_version=\u00a0\u00bb4.4.2&Prime; max_width=\u00a0\u00bb2560px\u00a0\u00bb][et_pb_column type=\u00a0\u00bb1_2&Prime; module_class=\u00a0\u00bbvertical-align\u00a0\u00bb _builder_version=\u00a0\u00bb4.4.2&Prime; background_enable_color=\u00a0\u00bboff\u00a0\u00bb background_image=\u00a0\u00bbhttps:\/\/proharptech.com\/wp-content\/uploads\/2020\/04\/pourquoi-choisir-pro-harp-tech.jpg\u00a0\u00bb background_blend=\u00a0\u00bbmultiply\u00a0\u00bb custom_padding_tablet=\u00a0\u00bb100px||100px||true|false\u00a0\u00bb custom_padding_phone=\u00a0\u00bb50px||50px||true|false\u00a0\u00bb custom_padding_last_edited=\u00a0\u00bbon|phone\u00a0\u00bb scroll_scaling_enable=\u00a0\u00bbon\u00a0\u00bb scroll_scaling=\u00a0\u00bb0|50|50|100|120%|100|100&Prime;][et_pb_text _builder_version=\u00a0\u00bb4.4.2&Prime; header_2_text_color=\u00a0\u00bb#ffffff\u00a0\u00bb z_index=\u00a0\u00bb100&Prime; text_orientation=\u00a0\u00bbcenter\u00a0\u00bb scroll_fade_enable=\u00a0\u00bboff\u00a0\u00bb scroll_fade=\u00a0\u00bb0|50|50|100|0|100|0%\u00a0\u00bb scroll_blur_enable=\u00a0\u00bbon\u00a0\u00bb]<\/p>\n<h2>Pourquoi choisir Pro.Harp.Tech ?<\/h2>\n<p>[\/et_pb_text][\/et_pb_column][et_pb_column type=\u00a0\u00bb1_2&Prime; module_class=\u00a0\u00bbvertical-align\u00a0\u00bb _builder_version=\u00a0\u00bb4.4.2&Prime;][et_pb_text _builder_version=\u00a0\u00bb4.4.9&Prime; text_orientation=\u00a0\u00bbjustified\u00a0\u00bb scroll_vertical_motion=\u00a0\u00bb0|50|50|100|4|0|-2&Prime; scroll_horizontal_motion=\u00a0\u00bb0|50|50|100|-4|-2|0&Prime; scroll_scaling_enable=\u00a0\u00bbon\u00a0\u00bb scroll_scaling=\u00a0\u00bb0|50|50|100|90%|100|100&Prime; scroll_blur_enable=\u00a0\u00bbon\u00a0\u00bb motion_trigger_start=\u00a0\u00bbtop\u00a0\u00bb hover_enabled=\u00a0\u00bb0&Prime; text_orientation_tablet=\u00a0\u00bb\u00a0\u00bb text_orientation_phone=\u00a0\u00bbleft\u00a0\u00bb text_orientation_last_edited=\u00a0\u00bbon|phone\u00a0\u00bb]L\u2019objectif de Pro.Harp.Tech est de travailler avec les harpistes professionnels, les solistes et les talents \u00e9mergents qui souhaitent un service visant l\u2019excellence du r\u00e9glage sur l\u2019ensemble des marques, et cela sans favoritisme ni exclusivit\u00e9.<\/p>\n<p>Le r\u00e9glage de qualit\u00e9 d\u2019une harpe doit \u00eatre le fruit de l\u2019intense collaboration du technicien avec le musicien. Ce travail en \u00e9quipe s\u2019av\u00e8re indispensable pour optimiser le r\u00e9glage de l\u2019instrument et ainsi l\u2019adapter au contexte de l\u2019orchestre et \u00e0 la technique de chaque harpiste.<br \/>\n[\/et_pb_text][\/et_pb_column][\/et_pb_row][\/et_pb_section]<\/p>\n","protected":false},"excerpt":{"rendered":"<p>Pro.Harp.Tech M. Enric de Anciola &#8211; Technicien de harpeComment est n\u00e9(e) Pro.Harp.Tech ?Lors de mes ann\u00e9es pass\u00e9es en tant que technicien rattach\u00e9 \u00e0 une marque, une question revenait toujours chez mes clients : pourriez-vous r\u00e9gler les harpes des autres marques ? Beaucoup d\u2019orchestres, conservatoires et solistes se trouvent souvent confront\u00e9s au probl\u00e8me de devoir appeler [&hellip;]<\/p>\n","protected":false},"author":1,"featured_media":359,"parent":0,"menu_order":0,"comment_status":"closed","ping_status":"closed","template":"","meta":{"_et_pb_use_builder":"on","_et_pb_old_content":"","_et_gb_content_width":"","footnotes":""},"class_list":["post-371","page","type-page","status-publish","has-post-thumbnail","hentry"],"yoast_head":"<!-- This site is optimized with the Yoast SEO plugin v27.4 - https:\/\/yoast.com\/product\/yoast-seo-wordpress\/ -->\n<title>Pro.Harp.Tech | M. Enric de Anciola \u2013 Technicien de harpe<\/title>\n<meta name=\"description\" content=\"L\u2019objectif de Pro.Harp.Tech est de travailler avec les harpistes professionnels, les solistes et les talents \u00e9mergents qui souhaitent un service...\" \/>\n<meta name=\"robots\" content=\"index, follow, max-snippet:-1, max-image-preview:large, max-video-preview:-1\" \/>\n<link rel=\"canonical\" href=\"https:\/\/proharptech.com\/fr\/\" \/>\n<meta property=\"og:locale\" content=\"fr_FR\" \/>\n<meta property=\"og:type\" content=\"article\" \/>\n<meta property=\"og:title\" content=\"Pro.Harp.Tech | M. Enric de Anciola \u2013 Technicien de harpe\" \/>\n<meta property=\"og:description\" content=\"L\u2019objectif de Pro.Harp.Tech est de travailler avec les harpistes professionnels, les solistes et les talents \u00e9mergents qui souhaitent un service...\" \/>\n<meta property=\"og:url\" content=\"https:\/\/proharptech.com\/fr\/\" \/>\n<meta property=\"og:site_name\" content=\"Pro.Harp.Tech - Enric de Anciola\" \/>\n<meta property=\"article:modified_time\" content=\"2020-07-07T14:33:23+00:00\" \/>\n<meta property=\"og:image\" content=\"https:\/\/proharptech.com\/wp-content\/uploads\/2020\/01\/test-home4.jpg\" \/>\n\t<meta property=\"og:image:width\" content=\"1900\" \/>\n\t<meta property=\"og:image:height\" content=\"881\" \/>\n\t<meta property=\"og:image:type\" content=\"image\/jpeg\" \/>\n<meta name=\"twitter:card\" content=\"summary_large_image\" \/>\n<meta name=\"twitter:label1\" content=\"Dur\u00e9e de lecture estim\u00e9e\" \/>\n\t<meta name=\"twitter:data1\" content=\"4 minutes\" \/>\n<script type=\"application\/ld+json\" class=\"yoast-schema-graph\">{\"@context\":\"https:\\\/\\\/schema.org\",\"@graph\":[{\"@type\":\"WebPage\",\"@id\":\"https:\\\/\\\/proharptech.com\\\/fr\\\/\",\"url\":\"https:\\\/\\\/proharptech.com\\\/fr\\\/\",\"name\":\"Pro.Harp.Tech | M. Enric de Anciola \u2013 Technicien de harpe\",\"isPartOf\":{\"@id\":\"https:\\\/\\\/proharptech.com\\\/fr\\\/#website\"},\"primaryImageOfPage\":{\"@id\":\"https:\\\/\\\/proharptech.com\\\/fr\\\/#primaryimage\"},\"image\":{\"@id\":\"https:\\\/\\\/proharptech.com\\\/fr\\\/#primaryimage\"},\"thumbnailUrl\":\"https:\\\/\\\/proharptech.com\\\/wp-content\\\/uploads\\\/2020\\\/01\\\/test-home4.jpg\",\"datePublished\":\"2020-04-21T09:43:03+00:00\",\"dateModified\":\"2020-07-07T14:33:23+00:00\",\"description\":\"L\u2019objectif de Pro.Harp.Tech est de travailler avec les harpistes professionnels, les solistes et les talents \u00e9mergents qui souhaitent un service...\",\"breadcrumb\":{\"@id\":\"https:\\\/\\\/proharptech.com\\\/fr\\\/#breadcrumb\"},\"inLanguage\":\"fr-FR\",\"potentialAction\":[{\"@type\":\"ReadAction\",\"target\":[\"https:\\\/\\\/proharptech.com\\\/fr\\\/\"]}]},{\"@type\":\"ImageObject\",\"inLanguage\":\"fr-FR\",\"@id\":\"https:\\\/\\\/proharptech.com\\\/fr\\\/#primaryimage\",\"url\":\"https:\\\/\\\/proharptech.com\\\/wp-content\\\/uploads\\\/2020\\\/01\\\/test-home4.jpg\",\"contentUrl\":\"https:\\\/\\\/proharptech.com\\\/wp-content\\\/uploads\\\/2020\\\/01\\\/test-home4.jpg\",\"width\":1900,\"height\":881},{\"@type\":\"BreadcrumbList\",\"@id\":\"https:\\\/\\\/proharptech.com\\\/fr\\\/#breadcrumb\",\"itemListElement\":[{\"@type\":\"ListItem\",\"position\":1,\"name\":\"Home\",\"item\":\"https:\\\/\\\/proharptech.com\\\/fr\\\/\"},{\"@type\":\"ListItem\",\"position\":2,\"name\":\"Accueil\"}]},{\"@type\":\"WebSite\",\"@id\":\"https:\\\/\\\/proharptech.com\\\/fr\\\/#website\",\"url\":\"https:\\\/\\\/proharptech.com\\\/fr\\\/\",\"name\":\"Pro.Harp.Tech - Enric de Anciola\",\"description\":\"Harp Technician\",\"publisher\":{\"@id\":\"https:\\\/\\\/proharptech.com\\\/fr\\\/#organization\"},\"potentialAction\":[{\"@type\":\"SearchAction\",\"target\":{\"@type\":\"EntryPoint\",\"urlTemplate\":\"https:\\\/\\\/proharptech.com\\\/fr\\\/?s={search_term_string}\"},\"query-input\":{\"@type\":\"PropertyValueSpecification\",\"valueRequired\":true,\"valueName\":\"search_term_string\"}}],\"inLanguage\":\"fr-FR\"},{\"@type\":\"Organization\",\"@id\":\"https:\\\/\\\/proharptech.com\\\/fr\\\/#organization\",\"name\":\"Pro.Harp.Tech - Enric de Anciola\",\"url\":\"https:\\\/\\\/proharptech.com\\\/fr\\\/\",\"logo\":{\"@type\":\"ImageObject\",\"inLanguage\":\"fr-FR\",\"@id\":\"https:\\\/\\\/proharptech.com\\\/fr\\\/#\\\/schema\\\/logo\\\/image\\\/\",\"url\":\"https:\\\/\\\/proharptech.com\\\/wp-content\\\/uploads\\\/2020\\\/04\\\/favicon.png\",\"contentUrl\":\"https:\\\/\\\/proharptech.com\\\/wp-content\\\/uploads\\\/2020\\\/04\\\/favicon.png\",\"width\":512,\"height\":512,\"caption\":\"Pro.Harp.Tech - Enric de Anciola\"},\"image\":{\"@id\":\"https:\\\/\\\/proharptech.com\\\/fr\\\/#\\\/schema\\\/logo\\\/image\\\/\"}}]}<\/script>\n<!-- \/ Yoast SEO plugin. -->","yoast_head_json":{"title":"Pro.Harp.Tech | M. Enric de Anciola \u2013 Technicien de harpe","description":"L\u2019objectif de Pro.Harp.Tech est de travailler avec les harpistes professionnels, les solistes et les talents \u00e9mergents qui souhaitent un service...","robots":{"index":"index","follow":"follow","max-snippet":"max-snippet:-1","max-image-preview":"max-image-preview:large","max-video-preview":"max-video-preview:-1"},"canonical":"https:\/\/proharptech.com\/fr\/","og_locale":"fr_FR","og_type":"article","og_title":"Pro.Harp.Tech | M. Enric de Anciola \u2013 Technicien de harpe","og_description":"L\u2019objectif de Pro.Harp.Tech est de travailler avec les harpistes professionnels, les solistes et les talents \u00e9mergents qui souhaitent un service...","og_url":"https:\/\/proharptech.com\/fr\/","og_site_name":"Pro.Harp.Tech - Enric de Anciola","article_modified_time":"2020-07-07T14:33:23+00:00","og_image":[{"width":1900,"height":881,"url":"https:\/\/proharptech.com\/wp-content\/uploads\/2020\/01\/test-home4.jpg","type":"image\/jpeg"}],"twitter_card":"summary_large_image","twitter_misc":{"Dur\u00e9e de lecture estim\u00e9e":"4 minutes"},"schema":{"@context":"https:\/\/schema.org","@graph":[{"@type":"WebPage","@id":"https:\/\/proharptech.com\/fr\/","url":"https:\/\/proharptech.com\/fr\/","name":"Pro.Harp.Tech | M. Enric de Anciola \u2013 Technicien de harpe","isPartOf":{"@id":"https:\/\/proharptech.com\/fr\/#website"},"primaryImageOfPage":{"@id":"https:\/\/proharptech.com\/fr\/#primaryimage"},"image":{"@id":"https:\/\/proharptech.com\/fr\/#primaryimage"},"thumbnailUrl":"https:\/\/proharptech.com\/wp-content\/uploads\/2020\/01\/test-home4.jpg","datePublished":"2020-04-21T09:43:03+00:00","dateModified":"2020-07-07T14:33:23+00:00","description":"L\u2019objectif de Pro.Harp.Tech est de travailler avec les harpistes professionnels, les solistes et les talents \u00e9mergents qui souhaitent un service...","breadcrumb":{"@id":"https:\/\/proharptech.com\/fr\/#breadcrumb"},"inLanguage":"fr-FR","potentialAction":[{"@type":"ReadAction","target":["https:\/\/proharptech.com\/fr\/"]}]},{"@type":"ImageObject","inLanguage":"fr-FR","@id":"https:\/\/proharptech.com\/fr\/#primaryimage","url":"https:\/\/proharptech.com\/wp-content\/uploads\/2020\/01\/test-home4.jpg","contentUrl":"https:\/\/proharptech.com\/wp-content\/uploads\/2020\/01\/test-home4.jpg","width":1900,"height":881},{"@type":"BreadcrumbList","@id":"https:\/\/proharptech.com\/fr\/#breadcrumb","itemListElement":[{"@type":"ListItem","position":1,"name":"Home","item":"https:\/\/proharptech.com\/fr\/"},{"@type":"ListItem","position":2,"name":"Accueil"}]},{"@type":"WebSite","@id":"https:\/\/proharptech.com\/fr\/#website","url":"https:\/\/proharptech.com\/fr\/","name":"Pro.Harp.Tech - Enric de Anciola","description":"Harp Technician","publisher":{"@id":"https:\/\/proharptech.com\/fr\/#organization"},"potentialAction":[{"@type":"SearchAction","target":{"@type":"EntryPoint","urlTemplate":"https:\/\/proharptech.com\/fr\/?s={search_term_string}"},"query-input":{"@type":"PropertyValueSpecification","valueRequired":true,"valueName":"search_term_string"}}],"inLanguage":"fr-FR"},{"@type":"Organization","@id":"https:\/\/proharptech.com\/fr\/#organization","name":"Pro.Harp.Tech - Enric de Anciola","url":"https:\/\/proharptech.com\/fr\/","logo":{"@type":"ImageObject","inLanguage":"fr-FR","@id":"https:\/\/proharptech.com\/fr\/#\/schema\/logo\/image\/","url":"https:\/\/proharptech.com\/wp-content\/uploads\/2020\/04\/favicon.png","contentUrl":"https:\/\/proharptech.com\/wp-content\/uploads\/2020\/04\/favicon.png","width":512,"height":512,"caption":"Pro.Harp.Tech - Enric de Anciola"},"image":{"@id":"https:\/\/proharptech.com\/fr\/#\/schema\/logo\/image\/"}}]}},"_links":{"self":[{"href":"https:\/\/proharptech.com\/fr\/wp-json\/wp\/v2\/pages\/371","targetHints":{"allow":["GET"]}}],"collection":[{"href":"https:\/\/proharptech.com\/fr\/wp-json\/wp\/v2\/pages"}],"about":[{"href":"https:\/\/proharptech.com\/fr\/wp-json\/wp\/v2\/types\/page"}],"author":[{"embeddable":true,"href":"https:\/\/proharptech.com\/fr\/wp-json\/wp\/v2\/users\/1"}],"replies":[{"embeddable":true,"href":"https:\/\/proharptech.com\/fr\/wp-json\/wp\/v2\/comments?post=371"}],"version-history":[{"count":0,"href":"https:\/\/proharptech.com\/fr\/wp-json\/wp\/v2\/pages\/371\/revisions"}],"wp:featuredmedia":[{"embeddable":true,"href":"https:\/\/proharptech.com\/fr\/wp-json\/wp\/v2\/media\/359"}],"wp:attachment":[{"href":"https:\/\/proharptech.com\/fr\/wp-json\/wp\/v2\/media?parent=371"}],"curies":[{"name":"wp","href":"https:\/\/api.w.org\/{rel}","templated":true}]}}