{"id":463,"date":"2020-05-04T09:24:28","date_gmt":"2020-05-04T07:24:28","guid":{"rendered":"https:\/\/proharptech.com\/reservation\/"},"modified":"2020-07-06T14:30:07","modified_gmt":"2020-07-06T12:30:07","slug":"reservation","status":"publish","type":"page","link":"https:\/\/proharptech.com\/fr\/reservation\/","title":{"rendered":"R\u00e9servation"},"content":{"rendered":"<p>[et_pb_section fb_built=\u00a0\u00bb1&Prime; next_background_color=\u00a0\u00bb#ffffff\u00a0\u00bb _builder_version=\u00a0\u00bb4.4.5&Prime; background_color=\u00a0\u00bbrgba(69,73,85,0.5)\u00a0\u00bb background_image=\u00a0\u00bbhttps:\/\/proharptech.com\/wp-content\/uploads\/2020\/05\/booking.jpg\u00a0\u00bb background_blend=\u00a0\u00bbmultiply\u00a0\u00bb custom_padding=\u00a0\u00bb100px||200px||false|false\u00a0\u00bb bottom_divider_style=\u00a0\u00bbslant2&Prime; animation_style=\u00a0\u00bbfade\u00a0\u00bb locked=\u00a0\u00bboff\u00a0\u00bb][et_pb_row make_equal=\u00a0\u00bbon\u00a0\u00bb _builder_version=\u00a0\u00bb4.4.5&Prime;][et_pb_column type=\u00a0\u00bb4_4&Prime; _builder_version=\u00a0\u00bb4.4.2&Prime; animation_style=\u00a0\u00bbfade\u00a0\u00bb animation_duration=\u00a0\u00bb2000ms\u00a0\u00bb][et_pb_text _builder_version=\u00a0\u00bb4.4.5&Prime; header_text_align=\u00a0\u00bbcenter\u00a0\u00bb header_2_font=\u00a0\u00bb|500|||||||\u00a0\u00bb header_2_font_size=\u00a0\u00bb25px\u00a0\u00bb text_orientation=\u00a0\u00bbcenter\u00a0\u00bb background_layout=\u00a0\u00bbdark\u00a0\u00bb header_text_align_tablet=\u00a0\u00bbcenter\u00a0\u00bb header_text_align_phone=\u00a0\u00bbcenter\u00a0\u00bb header_text_align_last_edited=\u00a0\u00bbon|desktop\u00a0\u00bb text_orientation_tablet=\u00a0\u00bbcenter\u00a0\u00bb text_orientation_phone=\u00a0\u00bbleft\u00a0\u00bb text_orientation_last_edited=\u00a0\u00bbon|phone\u00a0\u00bb text_text_shadow_style=\u00a0\u00bbpreset5&Prime; header_text_shadow_style=\u00a0\u00bbpreset5&Prime; header_2_text_shadow_style=\u00a0\u00bbpreset5&Prime;]<\/p>\n<h1>R\u00e9servation<\/h1>\n<div id=\"gtx-trans\" style=\"position: absolute; left: -38px; top: 5.09375px;\">\n<div class=\"gtx-trans-icon\"><\/div>\n<\/div>\n<p>[\/et_pb_text][\/et_pb_column][\/et_pb_row][\/et_pb_section][et_pb_section fb_built=\u00a0\u00bb1&Prime; _builder_version=\u00a0\u00bb4.4.5&Prime; animation_style=\u00a0\u00bbfade\u00a0\u00bb][et_pb_row _builder_version=\u00a0\u00bb4.4.5&Prime;][et_pb_column type=\u00a0\u00bb4_4&Prime; _builder_version=\u00a0\u00bb4.4.5&Prime;][et_pb_text _builder_version=\u00a0\u00bb4.4.8&Prime; text_orientation=\u00a0\u00bbcenter\u00a0\u00bb]La confirmation de notre rdv se fera \u00e0 travers ce portail<br \/>\n<strong>Celui-ci vous permet de valider notre rendez-vous gr\u00e2ce \u00e0 un acompte qui confirmera votre r\u00e9servation.<\/strong><br \/>\nMerci de suivre les indications de l\u2019interface. Contactez-nous si vous souhaitez plus d\u2019informations sur le mode de fonctionnement du portail.[\/et_pb_text][et_pb_text _builder_version=\u00a0\u00bb4.4.5&Prime;]<\/p>\n<p>[ameliaevents]<\/p>\n<div id=\"gtx-trans\" style=\"position: absolute; left: -78px; top: 55px;\">\n<div class=\"gtx-trans-icon\">\u00a0<\/div>\n<\/div>\n<p>[\/et_pb_text][\/et_pb_column][\/et_pb_row][\/et_pb_section]<\/p>\n","protected":false},"excerpt":{"rendered":"<p>R\u00e9servation La confirmation de notre rdv se fera \u00e0 travers ce portail Celui-ci vous permet de valider notre rendez-vous gr\u00e2ce \u00e0 un acompte qui confirmera votre r\u00e9servation. Merci de suivre les indications de l\u2019interface. Contactez-nous si vous souhaitez plus d\u2019informations sur le mode de fonctionnement du portail.[ameliaevents] \u00a0<\/p>\n","protected":false},"author":1,"featured_media":0,"parent":0,"menu_order":0,"comment_status":"closed","ping_status":"closed","template":"","meta":{"_et_pb_use_builder":"on","_et_pb_old_content":"","_et_gb_content_width":"","footnotes":""},"class_list":["post-463","page","type-page","status-publish","hentry"],"yoast_head":"<!-- This site is optimized with the Yoast SEO plugin v27.4 - https:\/\/yoast.com\/product\/yoast-seo-wordpress\/ -->\n<title>R\u00e9servation - Pro.Harp.Tech - Enric de Anciola<\/title>\n<meta name=\"description\" content=\"La confirmation de notre rdv se fera \u00e0 travers ce portail Celui-ci vous permet de valider notre rendez-vous gr\u00e2ce \u00e0 un acompte...\" \/>\n<meta name=\"robots\" content=\"index, follow, max-snippet:-1, max-image-preview:large, max-video-preview:-1\" \/>\n<link rel=\"canonical\" href=\"https:\/\/proharptech.com\/fr\/reservation\/\" \/>\n<meta property=\"og:locale\" content=\"fr_FR\" \/>\n<meta property=\"og:type\" content=\"article\" \/>\n<meta property=\"og:title\" content=\"R\u00e9servation - Pro.Harp.Tech - Enric de Anciola\" \/>\n<meta property=\"og:description\" content=\"La confirmation de notre rdv se fera \u00e0 travers ce portail Celui-ci vous permet de valider notre rendez-vous gr\u00e2ce \u00e0 un acompte...\" \/>\n<meta property=\"og:url\" content=\"https:\/\/proharptech.com\/fr\/reservation\/\" \/>\n<meta property=\"og:site_name\" content=\"Pro.Harp.Tech - Enric de Anciola\" \/>\n<meta property=\"article:modified_time\" content=\"2020-07-06T12:30:07+00:00\" \/>\n<meta name=\"twitter:card\" content=\"summary_large_image\" \/>\n<meta name=\"twitter:label1\" content=\"Dur\u00e9e de lecture estim\u00e9e\" \/>\n\t<meta name=\"twitter:data1\" content=\"1 minute\" \/>\n<script type=\"application\/ld+json\" class=\"yoast-schema-graph\">{\"@context\":\"https:\\\/\\\/schema.org\",\"@graph\":[{\"@type\":\"WebPage\",\"@id\":\"https:\\\/\\\/proharptech.com\\\/fr\\\/reservation\\\/\",\"url\":\"https:\\\/\\\/proharptech.com\\\/fr\\\/reservation\\\/\",\"name\":\"R\u00e9servation - Pro.Harp.Tech - Enric de Anciola\",\"isPartOf\":{\"@id\":\"https:\\\/\\\/proharptech.com\\\/fr\\\/#website\"},\"datePublished\":\"2020-05-04T07:24:28+00:00\",\"dateModified\":\"2020-07-06T12:30:07+00:00\",\"description\":\"La confirmation de notre rdv se fera \u00e0 travers ce portail Celui-ci vous permet de valider notre rendez-vous gr\u00e2ce \u00e0 un acompte...\",\"breadcrumb\":{\"@id\":\"https:\\\/\\\/proharptech.com\\\/fr\\\/reservation\\\/#breadcrumb\"},\"inLanguage\":\"fr-FR\",\"potentialAction\":[{\"@type\":\"ReadAction\",\"target\":[\"https:\\\/\\\/proharptech.com\\\/fr\\\/reservation\\\/\"]}]},{\"@type\":\"BreadcrumbList\",\"@id\":\"https:\\\/\\\/proharptech.com\\\/fr\\\/reservation\\\/#breadcrumb\",\"itemListElement\":[{\"@type\":\"ListItem\",\"position\":1,\"name\":\"Home\",\"item\":\"https:\\\/\\\/proharptech.com\\\/fr\\\/\"},{\"@type\":\"ListItem\",\"position\":2,\"name\":\"R\u00e9servation\"}]},{\"@type\":\"WebSite\",\"@id\":\"https:\\\/\\\/proharptech.com\\\/fr\\\/#website\",\"url\":\"https:\\\/\\\/proharptech.com\\\/fr\\\/\",\"name\":\"Pro.Harp.Tech - Enric de Anciola\",\"description\":\"Harp Technician\",\"publisher\":{\"@id\":\"https:\\\/\\\/proharptech.com\\\/fr\\\/#organization\"},\"potentialAction\":[{\"@type\":\"SearchAction\",\"target\":{\"@type\":\"EntryPoint\",\"urlTemplate\":\"https:\\\/\\\/proharptech.com\\\/fr\\\/?s={search_term_string}\"},\"query-input\":{\"@type\":\"PropertyValueSpecification\",\"valueRequired\":true,\"valueName\":\"search_term_string\"}}],\"inLanguage\":\"fr-FR\"},{\"@type\":\"Organization\",\"@id\":\"https:\\\/\\\/proharptech.com\\\/fr\\\/#organization\",\"name\":\"Pro.Harp.Tech - Enric de Anciola\",\"url\":\"https:\\\/\\\/proharptech.com\\\/fr\\\/\",\"logo\":{\"@type\":\"ImageObject\",\"inLanguage\":\"fr-FR\",\"@id\":\"https:\\\/\\\/proharptech.com\\\/fr\\\/#\\\/schema\\\/logo\\\/image\\\/\",\"url\":\"https:\\\/\\\/proharptech.com\\\/wp-content\\\/uploads\\\/2020\\\/04\\\/favicon.png\",\"contentUrl\":\"https:\\\/\\\/proharptech.com\\\/wp-content\\\/uploads\\\/2020\\\/04\\\/favicon.png\",\"width\":512,\"height\":512,\"caption\":\"Pro.Harp.Tech - Enric de Anciola\"},\"image\":{\"@id\":\"https:\\\/\\\/proharptech.com\\\/fr\\\/#\\\/schema\\\/logo\\\/image\\\/\"}}]}<\/script>\n<!-- \/ Yoast SEO plugin. -->","yoast_head_json":{"title":"R\u00e9servation - Pro.Harp.Tech - Enric de Anciola","description":"La confirmation de notre rdv se fera \u00e0 travers ce portail Celui-ci vous permet de valider notre rendez-vous gr\u00e2ce \u00e0 un acompte...","robots":{"index":"index","follow":"follow","max-snippet":"max-snippet:-1","max-image-preview":"max-image-preview:large","max-video-preview":"max-video-preview:-1"},"canonical":"https:\/\/proharptech.com\/fr\/reservation\/","og_locale":"fr_FR","og_type":"article","og_title":"R\u00e9servation - Pro.Harp.Tech - Enric de Anciola","og_description":"La confirmation de notre rdv se fera \u00e0 travers ce portail Celui-ci vous permet de valider notre rendez-vous gr\u00e2ce \u00e0 un acompte...","og_url":"https:\/\/proharptech.com\/fr\/reservation\/","og_site_name":"Pro.Harp.Tech - Enric de Anciola","article_modified_time":"2020-07-06T12:30:07+00:00","twitter_card":"summary_large_image","twitter_misc":{"Dur\u00e9e de lecture estim\u00e9e":"1 minute"},"schema":{"@context":"https:\/\/schema.org","@graph":[{"@type":"WebPage","@id":"https:\/\/proharptech.com\/fr\/reservation\/","url":"https:\/\/proharptech.com\/fr\/reservation\/","name":"R\u00e9servation - Pro.Harp.Tech - Enric de Anciola","isPartOf":{"@id":"https:\/\/proharptech.com\/fr\/#website"},"datePublished":"2020-05-04T07:24:28+00:00","dateModified":"2020-07-06T12:30:07+00:00","description":"La confirmation de notre rdv se fera \u00e0 travers ce portail Celui-ci vous permet de valider notre rendez-vous gr\u00e2ce \u00e0 un acompte...","breadcrumb":{"@id":"https:\/\/proharptech.com\/fr\/reservation\/#breadcrumb"},"inLanguage":"fr-FR","potentialAction":[{"@type":"ReadAction","target":["https:\/\/proharptech.com\/fr\/reservation\/"]}]},{"@type":"BreadcrumbList","@id":"https:\/\/proharptech.com\/fr\/reservation\/#breadcrumb","itemListElement":[{"@type":"ListItem","position":1,"name":"Home","item":"https:\/\/proharptech.com\/fr\/"},{"@type":"ListItem","position":2,"name":"R\u00e9servation"}]},{"@type":"WebSite","@id":"https:\/\/proharptech.com\/fr\/#website","url":"https:\/\/proharptech.com\/fr\/","name":"Pro.Harp.Tech - Enric de Anciola","description":"Harp Technician","publisher":{"@id":"https:\/\/proharptech.com\/fr\/#organization"},"potentialAction":[{"@type":"SearchAction","target":{"@type":"EntryPoint","urlTemplate":"https:\/\/proharptech.com\/fr\/?s={search_term_string}"},"query-input":{"@type":"PropertyValueSpecification","valueRequired":true,"valueName":"search_term_string"}}],"inLanguage":"fr-FR"},{"@type":"Organization","@id":"https:\/\/proharptech.com\/fr\/#organization","name":"Pro.Harp.Tech - Enric de Anciola","url":"https:\/\/proharptech.com\/fr\/","logo":{"@type":"ImageObject","inLanguage":"fr-FR","@id":"https:\/\/proharptech.com\/fr\/#\/schema\/logo\/image\/","url":"https:\/\/proharptech.com\/wp-content\/uploads\/2020\/04\/favicon.png","contentUrl":"https:\/\/proharptech.com\/wp-content\/uploads\/2020\/04\/favicon.png","width":512,"height":512,"caption":"Pro.Harp.Tech - Enric de Anciola"},"image":{"@id":"https:\/\/proharptech.com\/fr\/#\/schema\/logo\/image\/"}}]}},"_links":{"self":[{"href":"https:\/\/proharptech.com\/fr\/wp-json\/wp\/v2\/pages\/463","targetHints":{"allow":["GET"]}}],"collection":[{"href":"https:\/\/proharptech.com\/fr\/wp-json\/wp\/v2\/pages"}],"about":[{"href":"https:\/\/proharptech.com\/fr\/wp-json\/wp\/v2\/types\/page"}],"author":[{"embeddable":true,"href":"https:\/\/proharptech.com\/fr\/wp-json\/wp\/v2\/users\/1"}],"replies":[{"embeddable":true,"href":"https:\/\/proharptech.com\/fr\/wp-json\/wp\/v2\/comments?post=463"}],"version-history":[{"count":0,"href":"https:\/\/proharptech.com\/fr\/wp-json\/wp\/v2\/pages\/463\/revisions"}],"wp:attachment":[{"href":"https:\/\/proharptech.com\/fr\/wp-json\/wp\/v2\/media?parent=463"}],"curies":[{"name":"wp","href":"https:\/\/api.w.org\/{rel}","templated":true}]}}